{"id":1782,"date":"2013-08-15T02:55:49","date_gmt":"2013-08-15T02:55:49","guid":{"rendered":"http:\/\/www.anapineyro.com\/portfolio\/?page_id=2"},"modified":"2026-03-04T20:40:43","modified_gmt":"2026-03-04T19:40:43","slug":"about","status":"publish","type":"page","link":"https:\/\/anapineyro.com\/portfolio\/about\/","title":{"rendered":"About"},"content":{"rendered":"\n<div class=\"wp-block-columns is-layout-flex wp-container-core-columns-is-layout-9d6595d7 wp-block-columns-is-layout-flex\">\n<div class=\"wp-block-column is-layout-flow wp-block-column-is-layout-flow\">\n<figure class=\"wp-block-gallery has-nested-images columns-default is-cropped wp-block-gallery-1 is-layout-flex wp-block-gallery-is-layout-flex\"><\/figure>\n<\/div>\n\n\n\n<div class=\"wp-block-column is-layout-flow wp-block-column-is-layout-flow\" style=\"flex-basis:60%\">\n<p style=\"font-size:14px\">I am a textile and materials designer and researcher, specialised in responsive and active soft technologies. My work explores movement as an inherent property of materials and investigates how responsive shape change can be integrated into the expressive palette of textiles for the design of environment-sensitive structures. Drawing from neo-materialist conceptions of matter and deploying craft-based methods of engagement with materials, processes and tools, my practice reveals materials\u2019 latent capacities, enriching their aesthetic and functional vocabulary. Through these engagements, my work examines the role of intuitive making in the generation of knowledge, embracing mistakes and the accidental as catalysts of creative opportunities.<\/p>\n\n\n\n<p style=\"font-size:14px\"><br>I completed a Ph.D. in Textiles from the Royal College of Art (London), an M.Sc. in Cognitive Systems and Interactive Media from Pompeu Fabra University (Barcelona), and B.A.s in Textile Design and Graphic Design, from ESDi School of Design (Barcelona) and ORT University (Montevideo), respectively. With experience in industrial, technological, and academic settings in Uruguay, Spain, Germany, the UK, Sweden and France, my expertise spans R&amp;D of smart textiles and advanced functional materials, colour &amp; material innovation for automotive interiors, research on colour &amp; emotion for mixed-reality interactions, and practice-based design research. I have lectured in textiles and smart materials at universities across Europe and my work has been published, presented, and exhibited internationally, receiving awards and funding from the Institute for Catalan Studies (Barcelona), FAD Incubator (Barcelona), Marie Sk\u0142odowska-Curie Actions (EU), the Uruguayan research and innovation agency (ANII) and IDB Lab (Uruguay), and Decathlon (France), among others.<\/p>\n\n\n\n<p style=\"font-size:14px\"><br>I am currently based in Paris, where I have recently conducted postdoctoral research at EnsadLab, \u00c9cole nationale sup\u00e9rieure des Arts D\u00e9coratifs \u2013 Universit\u00e9 PSL, and contributed to the development of the newly established ESMOD Research Lab.<\/p>\n\n\n\n<div style=\"height:60px\" aria-hidden=\"true\" class=\"wp-block-spacer\"><\/div>\n\n\n\n<p style=\"font-size:14px\"><\/p>\n\n\n\n<div class=\"wp-block-group is-nowrap is-layout-flex wp-container-core-group-is-layout-ad2f72ca wp-block-group-is-layout-flex\">\n<figure class=\"wp-block-image size-large is-resized\"><a href=\"www.linkedin.com\/in\/anapineyro\" target=\"_blank\" rel=\" noreferrer noopener\"><img loading=\"lazy\" decoding=\"async\" width=\"512\" height=\"512\" src=\"https:\/\/anapineyro.com\/portfolio\/wp-content\/uploads\/2024\/03\/icono_linkedin.png\" alt=\"\" class=\"wp-image-4724\" style=\"width:40px;height:40px\" srcset=\"https:\/\/anapineyro.com\/portfolio\/wp-content\/uploads\/2024\/03\/icono_linkedin.png 512w, https:\/\/anapineyro.com\/portfolio\/wp-content\/uploads\/2024\/03\/icono_linkedin-300x300.png 300w, https:\/\/anapineyro.com\/portfolio\/wp-content\/uploads\/2024\/03\/icono_linkedin-150x150.png 150w, https:\/\/anapineyro.com\/portfolio\/wp-content\/uploads\/2024\/03\/icono_linkedin-50x50.png 50w\" sizes=\"auto, (max-width: 512px) 100vw, 512px\" \/><\/a><\/figure>\n\n\n\n<figure class=\"wp-block-image size-large is-resized\"><a href=\"https:\/\/orcid.org\/0000-0001-8353-7919\" target=\"_blank\" rel=\" noreferrer noopener\"><img loading=\"lazy\" decoding=\"async\" width=\"300\" height=\"300\" src=\"https:\/\/anapineyro.com\/portfolio\/wp-content\/uploads\/2026\/03\/orcid.logo_.icon-01.png\" alt=\"\" class=\"wp-image-5244\" style=\"width:32px\" srcset=\"https:\/\/anapineyro.com\/portfolio\/wp-content\/uploads\/2026\/03\/orcid.logo_.icon-01.png 300w, https:\/\/anapineyro.com\/portfolio\/wp-content\/uploads\/2026\/03\/orcid.logo_.icon-01-150x150.png 150w, https:\/\/anapineyro.com\/portfolio\/wp-content\/uploads\/2026\/03\/orcid.logo_.icon-01-50x50.png 50w\" sizes=\"auto, (max-width: 300px) 100vw, 300px\" \/><\/a><\/figure>\n\n\n\n<div style=\"height:60px;width:0px\" aria-hidden=\"true\" class=\"wp-block-spacer wp-container-content-1cacd481\"><\/div>\n<\/div>\n\n\n\n<div class=\"wp-block-columns is-layout-flex wp-container-core-columns-is-layout-9d6595d7 wp-block-columns-is-layout-flex\">\n<div class=\"wp-block-column is-layout-flow wp-block-column-is-layout-flow\" style=\"flex-basis:20%\"><\/div>\n\n\n\n<div class=\"wp-block-column is-layout-flow wp-block-column-is-layout-flow\"><\/div>\n<\/div>\n\n\n\n<pre class=\"wp-block-code\"><code>   <\/code><\/pre>\n<\/div>\n<\/div>\n\n\n\n<pre class=\"wp-block-code\"><code>\n  <\/code><\/pre>\n\n\n\n<p><\/p>\n\n\n\n<p><\/p>\n","protected":false},"excerpt":{"rendered":"<p>I [&hellip;]<\/p>\n","protected":false},"author":1,"featured_media":0,"parent":0,"menu_order":0,"comment_status":"closed","ping_status":"closed","template":"","meta":{"ngg_post_thumbnail":0,"footnotes":""},"class_list":["post-1782","page","type-page","status-publish","hentry"],"_links":{"self":[{"href":"https:\/\/anapineyro.com\/portfolio\/wp-json\/wp\/v2\/pages\/1782","targetHints":{"allow":["GET"]}}],"collection":[{"href":"https:\/\/anapineyro.com\/portfolio\/wp-json\/wp\/v2\/pages"}],"about":[{"href":"https:\/\/anapineyro.com\/portfolio\/wp-json\/wp\/v2\/types\/page"}],"author":[{"embeddable":true,"href":"https:\/\/anapineyro.com\/portfolio\/wp-json\/wp\/v2\/users\/1"}],"replies":[{"embeddable":true,"href":"https:\/\/anapineyro.com\/portfolio\/wp-json\/wp\/v2\/comments?post=1782"}],"version-history":[{"count":78,"href":"https:\/\/anapineyro.com\/portfolio\/wp-json\/wp\/v2\/pages\/1782\/revisions"}],"predecessor-version":[{"id":5255,"href":"https:\/\/anapineyro.com\/portfolio\/wp-json\/wp\/v2\/pages\/1782\/revisions\/5255"}],"wp:attachment":[{"href":"https:\/\/anapineyro.com\/portfolio\/wp-json\/wp\/v2\/media?parent=1782"}],"curies":[{"name":"wp","href":"https:\/\/api.w.org\/{rel}","templated":true}]}}